{"id":135,"date":"2024-10-19T23:08:20","date_gmt":"2024-10-19T21:08:20","guid":{"rendered":"https:\/\/hbcservices.fr\/?page_id=135"},"modified":"2024-10-19T23:08:20","modified_gmt":"2024-10-19T21:08:20","slug":"a-propos","status":"publish","type":"page","link":"https:\/\/hbcservices.fr\/index.php\/a-propos\/","title":{"rendered":"A propos"},"content":{"rendered":"\n<p>HBC est une filiale de FEKRA GROUP qui propose des services \u00e0 haute valeur ajout\u00e9e dans les secteurs de la banque, de l\u2019assurance, des m\u00e9dias et de la publicit\u00e9.<\/p>\n\n\n\n<p>Nous contribuons chaque jour chez nos clients \u00e0 r\u00e9pondre aux exigences op\u00e9rationnelles et \u00e0 faire les meilleurs choix pour mettre en \u0153uvre les projets strat\u00e9giques pour la transformation des syst\u00e8mes d&rsquo;information.<\/p>\n\n\n\n<p>Nous croyons fermement que le succ\u00e8s repose sur des partenariats solides et une collaboration \u00e9troite. Notre mission est de fournir des solutions strat\u00e9giques et innovantes qui r\u00e9pondent aux d\u00e9fis uniques de nos clients.<\/p>\n\n\n\n<p>Nous r\u00e9unissons une \u00e9quipe d&rsquo;experts passionn\u00e9s, chacun apportant une expertise approfondie et une compr\u00e9hension des enjeux contemporains. Gr\u00e2ce \u00e0 une approche personnalis\u00e9e, nous accompagnons nos clients dans leur transformation, en mettant l&rsquo;accent sur la confiance, la transparence et l&rsquo;engagement.<\/p>\n\n\n\n<p>Nous nous engageons \u00e0 \u00eatre un partenaire de choix, pr\u00eat \u00e0 relever les d\u00e9fis de demain et \u00e0 saisir les opportunit\u00e9s qui s&rsquo;offrent \u00e0 nous. Ensemble, construisons un avenir prosp\u00e8re.<\/p>\n","protected":false},"excerpt":{"rendered":"<p>HBC est une filiale de FEKRA GROUP qui propose des services \u00e0 haute valeur ajout\u00e9e dans les secteurs de la banque, de l\u2019assurance, des m\u00e9dias et de la publicit\u00e9. Nous contribuons chaque jour chez nos clients \u00e0 r\u00e9pondre aux exigences op\u00e9rationnelles et \u00e0 faire les meilleurs choix pour mettre en \u0153uvre les projets strat\u00e9giques pour [&hellip;]<\/p>\n","protected":false},"author":1,"featured_media":0,"parent":0,"menu_order":0,"comment_status":"closed","ping_status":"closed","template":"","meta":{"footnotes":""},"class_list":["post-135","page","type-page","status-publish","hentry"],"_links":{"self":[{"href":"https:\/\/hbcservices.fr\/index.php\/wp-json\/wp\/v2\/pages\/135","targetHints":{"allow":["GET"]}}],"collection":[{"href":"https:\/\/hbcservices.fr\/index.php\/wp-json\/wp\/v2\/pages"}],"about":[{"href":"https:\/\/hbcservices.fr\/index.php\/wp-json\/wp\/v2\/types\/page"}],"author":[{"embeddable":true,"href":"https:\/\/hbcservices.fr\/index.php\/wp-json\/wp\/v2\/users\/1"}],"replies":[{"embeddable":true,"href":"https:\/\/hbcservices.fr\/index.php\/wp-json\/wp\/v2\/comments?post=135"}],"version-history":[{"count":1,"href":"https:\/\/hbcservices.fr\/index.php\/wp-json\/wp\/v2\/pages\/135\/revisions"}],"predecessor-version":[{"id":136,"href":"https:\/\/hbcservices.fr\/index.php\/wp-json\/wp\/v2\/pages\/135\/revisions\/136"}],"wp:attachment":[{"href":"https:\/\/hbcservices.fr\/index.php\/wp-json\/wp\/v2\/media?parent=135"}],"curies":[{"name":"wp","href":"https:\/\/api.w.org\/{rel}","templated":true}]}}