{"id":150,"date":"2024-10-20T00:57:31","date_gmt":"2024-10-19T22:57:31","guid":{"rendered":"https:\/\/hbcservices.fr\/?page_id=150"},"modified":"2024-10-20T21:07:13","modified_gmt":"2024-10-20T19:07:13","slug":"notre-activite","status":"publish","type":"page","link":"https:\/\/hbcservices.fr\/index.php\/notre-activite\/","title":{"rendered":"Notre Activit\u00e9"},"content":{"rendered":"\n<p><strong>Banque et Assurance<\/strong><br>Nous accompagnons les institutions financi\u00e8res dans la transformation de leurs processus, l&rsquo;optimisation de leurs op\u00e9rations et le renforcement de leur s\u00e9curit\u00e9 informatique. Notre expertise aide nos clients \u00e0 s&rsquo;adapter aux exigences r\u00e9glementaires et \u00e0 r\u00e9pondre aux attentes croissantes des consommateurs.<\/p>\n\n\n\n<p><strong>Finance de March\u00e9<\/strong><br>Nous collaborons avec des acteurs cl\u00e9s du secteur pour fournir des solutions innovantes qui optimisent la gestion des risques, am\u00e9liorent l&rsquo;analyse des donn\u00e9es et facilitent la prise de d\u00e9cision. Notre expertise aide nos clients \u00e0 naviguer dans un environnement complexe, en int\u00e9grant les derni\u00e8res technologies pour renforcer leur comp\u00e9titivit\u00e9 et leur agilit\u00e9 sur les march\u00e9s.<\/p>\n\n\n\n<p><strong>M\u00e9dia &amp; Publicit\u00e9<\/strong><br>Nous accompagnons les entreprises du secteur m\u00e9dia et publicit\u00e9 dans l\u2019\u00e9laboration de strat\u00e9gies innovantes et percutantes. En combinant notre expertise en technologie et en analyse de donn\u00e9es, nous aidons nos clients \u00e0 cr\u00e9er des campagnes sur mesure qui captivent leur audience et maximisent leur retour sur investissement. Notre approche se concentre sur l\u2019int\u00e9gration des derni\u00e8res tendances num\u00e9riques pour renforcer l\u2019engagement des consommateurs et optimiser la visibilit\u00e9 des marques. Ensemble, nous transformons les d\u00e9fis du march\u00e9 en opportunit\u00e9s de croissance.<\/p>\n","protected":false},"excerpt":{"rendered":"<p>Banque et AssuranceNous accompagnons les institutions financi\u00e8res dans la transformation de leurs processus, l&rsquo;optimisation de leurs op\u00e9rations et le renforcement de leur s\u00e9curit\u00e9 informatique. Notre expertise aide nos clients \u00e0 s&rsquo;adapter aux exigences r\u00e9glementaires et \u00e0 r\u00e9pondre aux attentes croissantes des consommateurs. Finance de March\u00e9Nous collaborons avec des acteurs cl\u00e9s du secteur pour fournir des [&hellip;]<\/p>\n","protected":false},"author":1,"featured_media":0,"parent":0,"menu_order":1,"comment_status":"closed","ping_status":"closed","template":"","meta":{"footnotes":""},"class_list":["post-150","page","type-page","status-publish","hentry"],"_links":{"self":[{"href":"https:\/\/hbcservices.fr\/index.php\/wp-json\/wp\/v2\/pages\/150","targetHints":{"allow":["GET"]}}],"collection":[{"href":"https:\/\/hbcservices.fr\/index.php\/wp-json\/wp\/v2\/pages"}],"about":[{"href":"https:\/\/hbcservices.fr\/index.php\/wp-json\/wp\/v2\/types\/page"}],"author":[{"embeddable":true,"href":"https:\/\/hbcservices.fr\/index.php\/wp-json\/wp\/v2\/users\/1"}],"replies":[{"embeddable":true,"href":"https:\/\/hbcservices.fr\/index.php\/wp-json\/wp\/v2\/comments?post=150"}],"version-history":[{"count":4,"href":"https:\/\/hbcservices.fr\/index.php\/wp-json\/wp\/v2\/pages\/150\/revisions"}],"predecessor-version":[{"id":217,"href":"https:\/\/hbcservices.fr\/index.php\/wp-json\/wp\/v2\/pages\/150\/revisions\/217"}],"wp:attachment":[{"href":"https:\/\/hbcservices.fr\/index.php\/wp-json\/wp\/v2\/media?parent=150"}],"curies":[{"name":"wp","href":"https:\/\/api.w.org\/{rel}","templated":true}]}}